{"id":258,"date":"2018-01-22T10:17:40","date_gmt":"2018-01-22T14:17:40","guid":{"rendered":"http:\/\/ayuntamiento.o\/transparencia\/?page_id=258"},"modified":"2025-01-07T10:06:27","modified_gmt":"2025-01-07T14:06:27","slug":"responsable-de-acceso-a-la-informacion","status":"publish","type":"page","link":"https:\/\/juntadistritalesterohondo.gob.do\/transparencia\/responsable-de-acceso-a-la-informacion\/","title":{"rendered":"Responsable de Acceso a la Informaci\u00f3n"},"content":{"rendered":"<p><strong><em>Responsable de Acceso a la Informaci\u00f3n (RAI)<\/em><\/strong><\/p>\n<p><em><strong>Jade Esther D\u00edaz Hern\u00e1ndez<\/strong>.<\/em><\/p>\n<p><em>Tel\u00e9fono: <strong>809-383-1979<\/strong><\/em><\/p>\n<p><em>Correo: <strong>jdmesterohondo.oaim@gmail.com<\/strong><\/em><\/p>\n<p><em>Direcci\u00f3n: <strong>Calle Dr. Felipe Maduro, Estero Hondo, Provincia Puerto Plata.<\/strong><\/em><\/p>\n<p><img decoding=\"async\" src=\"http:\/\/juntadistritalesterohondo.gob.do\/transparencia\/wp-content\/uploads\/2024\/10\/Oficina-de-acceso-a-la-informacion-700x1244.jpeg\" alt=\"La imagen tiene un atributo ALT vac\u00edo; su nombre de archivo es Oficina-de-acceso-a-la-informacion-700x1244.jpeg\" \/><\/p>\n","protected":false},"excerpt":{"rendered":"Responsable de Acceso a la Informaci\u00f3n (RAI) Jade Esther D\u00edaz Hern\u00e1ndez. Tel\u00e9fono: 809-383-1979 Correo: jdmesterohondo.oaim@gmail.com Direcci\u00f3n: Calle Dr. Felipe Maduro, Estero Hondo, Provincia Puerto Plata.","protected":false},"author":5,"featured_media":0,"parent":0,"menu_order":0,"comment_status":"closed","ping_status":"closed","template":"","meta":{"footnotes":""},"class_list":["post-258","page","type-page","status-publish","hentry"],"acf":[],"_links":{"self":[{"href":"https:\/\/juntadistritalesterohondo.gob.do\/transparencia\/wp-json\/wp\/v2\/pages\/258","targetHints":{"allow":["GET"]}}],"collection":[{"href":"https:\/\/juntadistritalesterohondo.gob.do\/transparencia\/wp-json\/wp\/v2\/pages"}],"about":[{"href":"https:\/\/juntadistritalesterohondo.gob.do\/transparencia\/wp-json\/wp\/v2\/types\/page"}],"author":[{"embeddable":true,"href":"https:\/\/juntadistritalesterohondo.gob.do\/transparencia\/wp-json\/wp\/v2\/users\/5"}],"replies":[{"embeddable":true,"href":"https:\/\/juntadistritalesterohondo.gob.do\/transparencia\/wp-json\/wp\/v2\/comments?post=258"}],"version-history":[{"count":12,"href":"https:\/\/juntadistritalesterohondo.gob.do\/transparencia\/wp-json\/wp\/v2\/pages\/258\/revisions"}],"predecessor-version":[{"id":1366,"href":"https:\/\/juntadistritalesterohondo.gob.do\/transparencia\/wp-json\/wp\/v2\/pages\/258\/revisions\/1366"}],"wp:attachment":[{"href":"https:\/\/juntadistritalesterohondo.gob.do\/transparencia\/wp-json\/wp\/v2\/media?parent=258"}],"curies":[{"name":"wp","href":"https:\/\/api.w.org\/{rel}","templated":true}]}}