{"id":339,"date":"2018-01-22T15:11:07","date_gmt":"2018-01-22T19:11:07","guid":{"rendered":"http:\/\/ayuntamiento.o\/transparencia\/?page_id=339"},"modified":"2025-05-15T12:55:51","modified_gmt":"2025-05-15T16:55:51","slug":"como-ser-proveedor","status":"publish","type":"page","link":"https:\/\/juntadistritalesterohondo.gob.do\/transparencia\/como-ser-proveedor\/","title":{"rendered":"\u00bfC\u00f3mo ser proveedor?"},"content":{"rendered":"<p><strong>PASOS PARA INSCRIBIRSE EN EL REGISTRO DE PROVEEDORES DEL ESTADO (RPE).<\/strong><br \/>\nLa Inscripci\u00f3n en el Registro de Proveedores del Estado puede realizarse f\u00edsicamente o mediante la solicitud de inscripci\u00f3n digital, la cual ser\u00e1 aprobada al momento de completar la documentaci\u00f3n requerida en oficina de Compras y Contrataciones en un plazo no mayor de 4 d\u00edas.<\/p>\n<p><strong>FORMULARIO REGISTRO PROVEEDORES:<\/strong><br \/>\n1. El oferente debe depositar toda la documentaci\u00f3n requerida en las oficinas del Registro de Proveedores del Estado, en la Direcci\u00f3n General de Contrataciones P\u00fablicas, \u00fanico organismo autorizado para otorgar este registro.<br \/>\n2. Luego de entregada la documentaci\u00f3n completa, se procede a certificar y validar las mismas.<br \/>\n3. Luego de validadas las informaciones se procede aprobar y a otorgar el n\u00famero de proveedor en el Registro de Proveedores del Estado.<br \/>\n4. Despu\u00e9s de aprobado el expediente puede pasar por las oficinas del Registro de Proveedores del Estado a recoger su constancia de inscripci\u00f3n o imprimirla por medio del portal www.comprasdominicana.gov.do<\/p>\n","protected":false},"excerpt":{"rendered":"PASOS PARA INSCRIBIRSE EN EL REGISTRO DE PROVEEDORES DEL ESTADO (RPE). La Inscripci\u00f3n en el Registro de Proveedores del Estado puede realizarse f\u00edsicamente o mediante la solicitud de inscripci\u00f3n digital, la cual ser\u00e1 aprobada al momento de completar la documentaci\u00f3n requerida en oficina de Compras y Contrataciones en un plazo no mayor de 4 d\u00edas&#8230;.","protected":false},"author":5,"featured_media":0,"parent":0,"menu_order":0,"comment_status":"closed","ping_status":"closed","template":"","meta":{"footnotes":""},"class_list":["post-339","page","type-page","status-publish","hentry"],"acf":[],"_links":{"self":[{"href":"https:\/\/juntadistritalesterohondo.gob.do\/transparencia\/wp-json\/wp\/v2\/pages\/339","targetHints":{"allow":["GET"]}}],"collection":[{"href":"https:\/\/juntadistritalesterohondo.gob.do\/transparencia\/wp-json\/wp\/v2\/pages"}],"about":[{"href":"https:\/\/juntadistritalesterohondo.gob.do\/transparencia\/wp-json\/wp\/v2\/types\/page"}],"author":[{"embeddable":true,"href":"https:\/\/juntadistritalesterohondo.gob.do\/transparencia\/wp-json\/wp\/v2\/users\/5"}],"replies":[{"embeddable":true,"href":"https:\/\/juntadistritalesterohondo.gob.do\/transparencia\/wp-json\/wp\/v2\/comments?post=339"}],"version-history":[{"count":2,"href":"https:\/\/juntadistritalesterohondo.gob.do\/transparencia\/wp-json\/wp\/v2\/pages\/339\/revisions"}],"predecessor-version":[{"id":368,"href":"https:\/\/juntadistritalesterohondo.gob.do\/transparencia\/wp-json\/wp\/v2\/pages\/339\/revisions\/368"}],"wp:attachment":[{"href":"https:\/\/juntadistritalesterohondo.gob.do\/transparencia\/wp-json\/wp\/v2\/media?parent=339"}],"curies":[{"name":"wp","href":"https:\/\/api.w.org\/{rel}","templated":true}]}}